{"id":6583,"date":"2024-07-25T07:30:04","date_gmt":"2024-07-25T06:30:04","guid":{"rendered":"http:\/\/goetz.video\/?page_id=6583"},"modified":"2026-01-24T11:47:46","modified_gmt":"2026-01-24T11:47:46","slug":"derhungerliefmit","status":"publish","type":"page","link":"https:\/\/goetz.video\/de\/derhungerliefmit\/","title":{"rendered":"DERHUNGERLIEFMIT"},"content":{"rendered":"<div data-elementor-type=\"wp-page\" data-elementor-id=\"6583\" class=\"elementor elementor-6583\">\n\t\t\t\t\t\t<section class=\"elementor-section elementor-top-section elementor-element elementor-element-afcae2c elementor-section-boxed elementor-section-height-default elementor-section-height-default\" data-id=\"afcae2c\" data-element_type=\"section\" data-e-type=\"section\">\n\t\t\t\t\t\t<div class=\"elementor-container elementor-column-gap-default\">\n\t\t\t\t\t<div class=\"elementor-column elementor-col-100 elementor-top-column elementor-element elementor-element-b2ccb9d\" data-id=\"b2ccb9d\" data-element_type=\"column\" data-e-type=\"column\">\n\t\t\t<div class=\"elementor-widget-wrap elementor-element-populated\">\n\t\t\t\t\t\t<div class=\"elementor-element elementor-element-76e9737 elementor-widget elementor-widget-video\" data-id=\"76e9737\" data-element_type=\"widget\" data-e-type=\"widget\" data-settings=\"{&quot;youtube_url&quot;:&quot;https:\\\/\\\/youtu.be\\\/mkpeT-ye_bo&quot;,&quot;video_type&quot;:&quot;youtube&quot;,&quot;controls&quot;:&quot;yes&quot;}\" data-widget_type=\"video.default\">\n\t\t\t\t<div class=\"elementor-widget-container\">\n\t\t\t\t\t\t\t<div class=\"elementor-wrapper elementor-open-inline\">\n\t\t\t<div class=\"elementor-video\"><\/div>\t\t<\/div>\n\t\t\t\t\t\t<\/div>\n\t\t\t\t<\/div>\n\t\t\t\t\t<\/div>\n\t\t<\/div>\n\t\t\t\t\t<\/div>\n\t\t<\/section>\n\t\t\t\t<section class=\"elementor-section elementor-top-section elementor-element elementor-element-ab685b5 elementor-section-boxed elementor-section-height-default elementor-section-height-default\" data-id=\"ab685b5\" data-element_type=\"section\" data-e-type=\"section\">\n\t\t\t\t\t\t<div class=\"elementor-container elementor-column-gap-default\">\n\t\t\t\t\t<div class=\"elementor-column elementor-col-100 elementor-top-column elementor-element elementor-element-a4273de\" data-id=\"a4273de\" data-element_type=\"column\" data-e-type=\"column\">\n\t\t\t<div class=\"elementor-widget-wrap elementor-element-populated\">\n\t\t\t\t\t\t<div class=\"elementor-element elementor-element-5033484 elementor-widget elementor-widget-text-editor\" data-id=\"5033484\" data-element_type=\"widget\" data-e-type=\"widget\" data-widget_type=\"text-editor.default\">\n\t\t\t\t<div class=\"elementor-widget-container\">\n\t\t\t\t\t\t\t\t\t<h3><b>Haben Sie sich jemals gefragt...<\/b><\/h3><p class=\"translation-block\">\u2026warum deine Gro\u00dfeltern besonders darauf achten, dass du bei den Mahlzeiten genug isst?\n\nMeine Oma und ihre Zwillingsschwester handelten immer so, was mich irgendwann zu einem pummeligen Kind machte. Ich fragte mich, warum sie uns immer mehr Essen anboten, als wir eigentlich essen konnten. Und ich entdeckte eine Geschichte, die ihr Verhalten erhellte: Die Zwillinge wuchsen nach dem Zweiten Weltkrieg in Ostdeutschland auf und litten aufgrund von Nahrungsmangel an Unterern\u00e4hrung. Hoffnung war nicht in Sicht, und so mussten sie das Risiko einer Flucht nach Westdeutschland eingehen.\n\n\u201eDer Hunger lief mit\u201c nimmt dich mit auf eine pers\u00f6nliche Reise mit Hedwig, Magda und ihrem Enkel Daniel durch die deutsche Geschichte, um zu verstehen, was Pers\u00f6nlichkeiten pr\u00e4gt und wie sich das auf die nachfolgenden Generationen auswirkt.<\/p>\t\t\t\t\t\t\t\t<\/div>\n\t\t\t\t<\/div>\n\t\t\t\t<div class=\"elementor-element elementor-element-6e523aa elementor-widget elementor-widget-text-editor\" data-id=\"6e523aa\" data-element_type=\"widget\" data-e-type=\"widget\" data-widget_type=\"text-editor.default\">\n\t\t\t\t<div class=\"elementor-widget-container\">\n\t\t\t\t\t\t\t\t\t<h4 class=\"translation-block\">Wenn Ihnen der Film gefallen hat, w\u00fcrde ich mich freuen, wenn Sie <a href=\"https:\/\/www.youtube.com\/@goetzvideo-filmmaker?sub_confirmation=1\" target=\"_self\">den Kanal abonnieren w\u00fcrden<\/a>. \u2013 und wenn Sie meine Arbeit unterst\u00fctzen m\u00f6chten, k\u00f6nnen Sie mir gerne <a href=\"https:\/\/buymeacoffee.com\/instagotz\" target=\"_self\">einen Kaffee spendieren<\/a>.<\/h4>\t\t\t\t\t\t\t\t<\/div>\n\t\t\t\t<\/div>\n\t\t\t\t\t<\/div>\n\t\t<\/div>\n\t\t\t\t\t<\/div>\n\t\t<\/section>\n\t\t\t\t<\/div>","protected":false},"excerpt":{"rendered":"<p>https:\/\/youtu.be\/mkpeT-ye_bo Have you ever asked yourself&#8230; &#8230;why your grandparents take extra good care of you when it comes to eating your meals?My grandma and her twin sister always acted in that manner, and at one point it turned me into a chubby young person. I tried to understand why they kept offering us more food &hellip; <\/p>\n<p class=\"link-more\"><a href=\"https:\/\/goetz.video\/de\/derhungerliefmit\/\" class=\"more-link\"><span class=\"screen-reader-text\">\u201eDERHUNGERLIEFMIT\u201c <\/span>weiterlesen<\/a><\/p>","protected":false},"author":1,"featured_media":0,"parent":0,"menu_order":0,"comment_status":"closed","ping_status":"closed","template":"elementor_header_footer","meta":{"footnotes":""},"class_list":["post-6583","page","type-page","status-publish","hentry"],"_links":{"self":[{"href":"https:\/\/goetz.video\/de\/wp-json\/wp\/v2\/pages\/6583","targetHints":{"allow":["GET"]}}],"collection":[{"href":"https:\/\/goetz.video\/de\/wp-json\/wp\/v2\/pages"}],"about":[{"href":"https:\/\/goetz.video\/de\/wp-json\/wp\/v2\/types\/page"}],"author":[{"embeddable":true,"href":"https:\/\/goetz.video\/de\/wp-json\/wp\/v2\/users\/1"}],"replies":[{"embeddable":true,"href":"https:\/\/goetz.video\/de\/wp-json\/wp\/v2\/comments?post=6583"}],"version-history":[{"count":33,"href":"https:\/\/goetz.video\/de\/wp-json\/wp\/v2\/pages\/6583\/revisions"}],"predecessor-version":[{"id":6788,"href":"https:\/\/goetz.video\/de\/wp-json\/wp\/v2\/pages\/6583\/revisions\/6788"}],"wp:attachment":[{"href":"https:\/\/goetz.video\/de\/wp-json\/wp\/v2\/media?parent=6583"}],"curies":[{"name":"wp","href":"https:\/\/api.w.org\/{rel}","templated":true}]}}